{"id":859,"date":"2020-04-30T11:37:36","date_gmt":"2020-04-30T09:37:36","guid":{"rendered":"https:\/\/www.nashecosmetics.com\/proizvod\/kutija\/"},"modified":"2020-04-30T11:42:00","modified_gmt":"2020-04-30T09:42:00","slug":"box","status":"publish","type":"product","link":"https:\/\/www.nashecosmetics.com\/en\/product\/box\/","title":{"rendered":"Box"},"content":{"rendered":"<p><strong>Lorem Ipsum<\/strong>\u00a0je jednostavno probni tekst koji se koristi u tiskarskoj i slovoslagarskoj industriji. Lorem Ipsum postoji kao industrijski standard jo\u0161 od 16-og stolje\u0107a, kada je nepoznati tiskar uzeo tiskarsku galiju slova i poslo\u017eio ih da bi napravio knjigu s uzorkom tiska.<\/p>\n","protected":false},"excerpt":{"rendered":"<p>Lorem Ipsum\u00a0je jednostavno probni tekst koji se koristi u tiskarskoj i slovoslagarskoj industriji. Lorem Ipsum postoji kao industrijski standard jo\u0161 od 16-og stolje\u0107a, kada je nepoznati tiskar uzeo tiskarsku galiju slova i poslo\u017eio ih da bi napravio knjigu s uzorkom tiska.<\/p>\n","protected":false},"featured_media":857,"template":"","meta":[],"product_brand":[],"product_cat":[82],"product_tag":[],"class_list":{"0":"post-859","1":"product","2":"type-product","3":"status-publish","4":"has-post-thumbnail","6":"product_cat-kutija-en","7":"description-off","9":"first","10":"instock","11":"sold-individually","12":"shipping-taxable","13":"purchasable","14":"product-type-simple"},"_links":{"self":[{"href":"https:\/\/www.nashecosmetics.com\/en\/wp-json\/wp\/v2\/product\/859","targetHints":{"allow":["GET"]}}],"collection":[{"href":"https:\/\/www.nashecosmetics.com\/en\/wp-json\/wp\/v2\/product"}],"about":[{"href":"https:\/\/www.nashecosmetics.com\/en\/wp-json\/wp\/v2\/types\/product"}],"wp:featuredmedia":[{"embeddable":true,"href":"https:\/\/www.nashecosmetics.com\/en\/wp-json\/wp\/v2\/media\/857"}],"wp:attachment":[{"href":"https:\/\/www.nashecosmetics.com\/en\/wp-json\/wp\/v2\/media?parent=859"}],"wp:term":[{"taxonomy":"product_brand","embeddable":true,"href":"https:\/\/www.nashecosmetics.com\/en\/wp-json\/wp\/v2\/product_brand?post=859"},{"taxonomy":"product_cat","embeddable":true,"href":"https:\/\/www.nashecosmetics.com\/en\/wp-json\/wp\/v2\/product_cat?post=859"},{"taxonomy":"product_tag","embeddable":true,"href":"https:\/\/www.nashecosmetics.com\/en\/wp-json\/wp\/v2\/product_tag?post=859"}],"curies":[{"name":"wp","href":"https:\/\/api.w.org\/{rel}","templated":true}]}}