{"id":839,"date":"2020-04-22T14:57:47","date_gmt":"2020-04-22T12:57:47","guid":{"rendered":"https:\/\/www.nashecosmetics.com\/?page_id=839"},"modified":"2020-05-07T08:15:20","modified_gmt":"2020-05-07T06:15:20","slug":"about-us","status":"publish","type":"page","link":"https:\/\/www.nashecosmetics.com\/en\/about-us\/","title":{"rendered":"About us"},"content":{"rendered":"<p><strong>ABOUT US<\/strong><\/p>\n<p>NASHE are handmade natural cosmetic products.<\/p>\n<p>Our desire is to provide the market with new products that stand out with superior quality and original visual identity. For this purpose, with the help of our expert associates, we have created a line of NASHE natural cosmetic products.<\/p>\n<p>Our products contain only the highest quality natural ingredients and are all handmade.<\/p>\n<p>Our cosmetics are further enriched with quality fragrances and mineral colors. Particular attention is paid to visual identity, so our products come in hand-decorated, with personalized colorful packaging and suggestive names.<\/p>\n<p><a href=\"https:\/\/www.facebook.com\/nashe.cosmetics\/\" target=\"_blank\" rel=\"noopener noreferrer\">Facebook<\/a><\/p>\n<p><a href=\"https:\/\/www.instagram.com\/nashecosmetics\/\" target=\"_blank\" rel=\"noopener noreferrer\">Instagram<\/a><br \/>\n&nbsp;<\/p>\n<p><strong>INFORMATION ABOUT BUSINESS ENTITY<\/strong><\/p>\n<p>Company name: NASHE COSMETICS limited liability company for the manufacture of perfumes and toilet preparations.<\/p>\n<p>Short company name: NASHE COSMETICS d.o.o.<\/p>\n<p>Company headquarters: Vi\u0161ka ulica 24, 52100 Pula, Croatia<\/p>\n<p>The limited liability company is registered in the Court Registry of the Commercial Court in Pazin under the registration number of the registration subject MBS: 130100577.<\/p>\n<p>Founders \/ Board members: Meri Pincan, Monika Cukon<\/p>\n<p>Core capital: 20 000 kn paid in full<\/p>\n<p>IBAN: HR6523600001102835753 open at Zagreba\u010dka banka d.d., Trg bana Josipa Jela\u010di\u0107a 10, Zagreb, Croatia;<\/p>\n<p>OIB: 19893540371<\/p>\n<p>VAT ID \/ TAX NUMBER \u2013 HR19893540371<\/p>\n<p>SWIFT \/ BIC \u2013 ZABAHR2X<\/p>\n<p>EORI CERTIFICATE \u2013 HR19893540371<\/p>\n","protected":false},"excerpt":{"rendered":"<p>ABOUT US NASHE are handmade natural cosmetic products. Our desire is to provide the market with new products that stand out with superior quality and original visual identity. For this purpose, with the help of our expert associates, we have created a line of NASHE natural cosmetic products. Our products contain only the highest quality&hellip;<\/p>\n","protected":false},"author":2,"featured_media":0,"parent":0,"menu_order":0,"comment_status":"closed","ping_status":"closed","template":"","meta":{"footnotes":""},"class_list":["post-839","page","type-page","status-publish","hentry","description-off"],"_links":{"self":[{"href":"https:\/\/www.nashecosmetics.com\/en\/wp-json\/wp\/v2\/pages\/839","targetHints":{"allow":["GET"]}}],"collection":[{"href":"https:\/\/www.nashecosmetics.com\/en\/wp-json\/wp\/v2\/pages"}],"about":[{"href":"https:\/\/www.nashecosmetics.com\/en\/wp-json\/wp\/v2\/types\/page"}],"author":[{"embeddable":true,"href":"https:\/\/www.nashecosmetics.com\/en\/wp-json\/wp\/v2\/users\/2"}],"replies":[{"embeddable":true,"href":"https:\/\/www.nashecosmetics.com\/en\/wp-json\/wp\/v2\/comments?post=839"}],"version-history":[{"count":0,"href":"https:\/\/www.nashecosmetics.com\/en\/wp-json\/wp\/v2\/pages\/839\/revisions"}],"wp:attachment":[{"href":"https:\/\/www.nashecosmetics.com\/en\/wp-json\/wp\/v2\/media?parent=839"}],"curies":[{"name":"wp","href":"https:\/\/api.w.org\/{rel}","templated":true}]}}